{"id":1560,"date":"2021-04-20T11:04:46","date_gmt":"2021-04-20T09:04:46","guid":{"rendered":"https:\/\/anchorlas.se\/product\/anchor-880-4-b50\/"},"modified":"2026-04-24T15:20:44","modified_gmt":"2026-04-24T13:20:44","slug":"anchor-880-4-b50","status":"publish","type":"product","link":"https:\/\/anchorlas.staging-digitalera.se\/en\/produkter\/anchor-880-4-b50\/","title":{"rendered":"ANCHOR 880-4 S50"},"content":{"rendered":"<p>Ett kraftigt klass 4 h\u00e4ngl\u00e5s l\u00e4mpligt f\u00f6r l\u00e5sning av<br \/>\ncontainers, lagerlokaler, grindar och dyl. I h\u00e4ngl\u00e5set ing\u00e5r<br \/>\nANCHOR skivl\u00e5scylinder samt 2st nycklar. Cylindern<br \/>\nskyddas i h\u00e4ngl\u00e5set av en 4.5mm tjock h\u00e4rdad friroterande<br \/>\nbricka. H\u00e4ngl\u00e5set kan f\u00e5s i huvudnyckelsystem och lika<br \/>\nl\u00e5sningsgrupp. Som tillval kan l\u00e5set f\u00e5s med l\u00f6stagbar bygel<br \/>\nf\u00f6r att underl\u00e4tta l\u00e5sning i sv\u00e5r\u00e5tkomliga utrymmen.<\/p>","protected":false},"excerpt":{"rendered":"<p>Ett kraftigt klass 4 h\u00e4ngl\u00e5s l\u00e4mpligt f\u00f6r l\u00e5sning av containers, lagerlokaler, grindar och dyl. I h\u00e4ngl\u00e5set ing\u00e5r ANCHOR skivl\u00e5scylinder samt 2st nycklar. Cylindern skyddas i h\u00e4ngl\u00e5set av en 4.5mm tjock h\u00e4rdad friroterande bricka. H\u00e4ngl\u00e5set kan f\u00e5s i huvudnyckelsystem och lika l\u00e5sningsgrupp. Som tillval kan l\u00e5set f\u00e5s med l\u00f6stagbar bygel f\u00f6r att underl\u00e4tta l\u00e5sning i sv\u00e5r\u00e5tkomliga [&hellip;]<\/p>","protected":false},"featured_media":987,"template":"","meta":{"_acf_changed":false},"product_brand":[],"product_cat":[50,51],"product_tag":[],"class_list":{"0":"post-1560","1":"product","2":"type-product","3":"status-publish","4":"has-post-thumbnail","6":"product_cat-hanglas","7":"product_cat-klass-4","8":"pa_bygel-hardat-stal","9":"pa_bygelbredd-mm-29-5","10":"pa_bygeldiameter-mm-207","11":"pa_bygelhojd-278","12":"pa_cylindertyp-skivlascylinder","13":"pa_hanglaskropp-hardat-stal","14":"pa_kistbredd-mm-210","15":"pa_klassning-ssf-klass-4-cen-grade-5","16":"pa_tillval-blisterpack-sb","17":"pa_tillval-komplettering-av-likalasning-komp-ll","18":"pa_tillval-komplettering-av-system-komp-sys","19":"pa_tillval-lassmedspack-exkl-sparrskivor-och-nycklar-exkl-ss","20":"pa_tillval-lika-lasning-ll","21":"pa_tillval-lostagbar-bygel-l","22":"pa_tillval-system-sys","23":"pa_tillval-vaderskyddad-wp","25":"first","26":"instock","27":"purchasable","28":"product-type-variable"},"acf":[],"_links":{"self":[{"href":"https:\/\/anchorlas.staging-digitalera.se\/en\/wp-json\/wp\/v2\/product\/1560","targetHints":{"allow":["GET"]}}],"collection":[{"href":"https:\/\/anchorlas.staging-digitalera.se\/en\/wp-json\/wp\/v2\/product"}],"about":[{"href":"https:\/\/anchorlas.staging-digitalera.se\/en\/wp-json\/wp\/v2\/types\/product"}],"wp:featuredmedia":[{"embeddable":true,"href":"https:\/\/anchorlas.staging-digitalera.se\/en\/wp-json\/wp\/v2\/media\/987"}],"wp:attachment":[{"href":"https:\/\/anchorlas.staging-digitalera.se\/en\/wp-json\/wp\/v2\/media?parent=1560"}],"wp:term":[{"taxonomy":"product_brand","embeddable":true,"href":"https:\/\/anchorlas.staging-digitalera.se\/en\/wp-json\/wp\/v2\/product_brand?post=1560"},{"taxonomy":"product_cat","embeddable":true,"href":"https:\/\/anchorlas.staging-digitalera.se\/en\/wp-json\/wp\/v2\/product_cat?post=1560"},{"taxonomy":"product_tag","embeddable":true,"href":"https:\/\/anchorlas.staging-digitalera.se\/en\/wp-json\/wp\/v2\/product_tag?post=1560"}],"curies":[{"name":"wp","href":"https:\/\/api.w.org\/{rel}","templated":true}]}}