{"id":1698,"date":"2021-04-20T11:04:46","date_gmt":"2021-04-20T09:04:46","guid":{"rendered":"https:\/\/anchorlas.se\/product\/anchor-880-4-b27-wp\/"},"modified":"2026-04-24T15:20:47","modified_gmt":"2026-04-24T13:20:47","slug":"anchor-880-4-b27-wp","status":"publish","type":"product","link":"https:\/\/anchorlas.staging-digitalera.se\/en\/produkter\/anchor-880-4-b27-wp\/","title":{"rendered":"ANCHOR 880-4 S27 WP"},"content":{"rendered":"<p>Ett kraftigt v\u00e4derskyddat klass 4 h\u00e4ngl\u00e5s l\u00e4mpligt f\u00f6r l\u00e5sning av<br \/>\ncontainers, lagerlokaler, grindar och dyl. I h\u00e4ngl\u00e5set ing\u00e5r<br \/>\nANCHOR skivl\u00e5scylinder samt 2st nycklar. Cylindern<br \/>\nskyddas i h\u00e4ngl\u00e5set av en 4.5mm tjock h\u00e4rdad friroterande<br \/>\nbricka. H\u00e4ngl\u00e5set kan f\u00e5s i huvudnyckelsystem och lika<br \/>\nl\u00e5sningsgrupp. L\u00e5set levereras med ett v\u00e4derskydd f\u00f6r cylindern. Som tillval kan l\u00e5set f\u00e5s med l\u00f6stagbar bygel<br \/>\nf\u00f6r att underl\u00e4tta l\u00e5sning i sv\u00e5r\u00e5tkomliga utrymmen.<\/p>","protected":false},"excerpt":{"rendered":"<p>Ett kraftigt v\u00e4derskyddat klass 4 h\u00e4ngl\u00e5s l\u00e4mpligt f\u00f6r l\u00e5sning av containers, lagerlokaler, grindar och dyl. I h\u00e4ngl\u00e5set ing\u00e5r ANCHOR skivl\u00e5scylinder samt 2st nycklar. Cylindern skyddas i h\u00e4ngl\u00e5set av en 4.5mm tjock h\u00e4rdad friroterande bricka. H\u00e4ngl\u00e5set kan f\u00e5s i huvudnyckelsystem och lika l\u00e5sningsgrupp. L\u00e5set levereras med ett v\u00e4derskydd f\u00f6r cylindern. Som tillval kan l\u00e5set f\u00e5s med [&hellip;]<\/p>","protected":false},"featured_media":1687,"template":"","meta":{"_acf_changed":false},"product_brand":[],"product_cat":[50,51,307],"product_tag":[],"class_list":{"0":"post-1698","1":"product","2":"type-product","3":"status-publish","4":"has-post-thumbnail","6":"product_cat-hanglas","7":"product_cat-klass-4","8":"product_cat-vaderskyddad-wp","9":"pa_bygel-hardat-stal","10":"pa_bygelbredd-mm-29-5","11":"pa_bygeldiameter-mm-207","12":"pa_bygelhojd-277","13":"pa_cylindertyp-skivlascylinder","14":"pa_hanglaskropp-hardat-stal","15":"pa_kistbredd-mm-210","16":"pa_klassning-ssf-klass-4-cen-grade-5","17":"pa_tillval-blisterpack-sb","18":"pa_tillval-komplettering-av-likalasning-komp-ll","19":"pa_tillval-komplettering-av-system-komp-sys","20":"pa_tillval-lassmedspack-exkl-sparrskivor-och-nycklar-exkl-ss","21":"pa_tillval-lika-lasning-ll","22":"pa_tillval-lostagbar-bygel-l","23":"pa_tillval-system-sys","25":"first","26":"instock","27":"purchasable","28":"product-type-variable"},"acf":[],"_links":{"self":[{"href":"https:\/\/anchorlas.staging-digitalera.se\/en\/wp-json\/wp\/v2\/product\/1698","targetHints":{"allow":["GET"]}}],"collection":[{"href":"https:\/\/anchorlas.staging-digitalera.se\/en\/wp-json\/wp\/v2\/product"}],"about":[{"href":"https:\/\/anchorlas.staging-digitalera.se\/en\/wp-json\/wp\/v2\/types\/product"}],"wp:featuredmedia":[{"embeddable":true,"href":"https:\/\/anchorlas.staging-digitalera.se\/en\/wp-json\/wp\/v2\/media\/1687"}],"wp:attachment":[{"href":"https:\/\/anchorlas.staging-digitalera.se\/en\/wp-json\/wp\/v2\/media?parent=1698"}],"wp:term":[{"taxonomy":"product_brand","embeddable":true,"href":"https:\/\/anchorlas.staging-digitalera.se\/en\/wp-json\/wp\/v2\/product_brand?post=1698"},{"taxonomy":"product_cat","embeddable":true,"href":"https:\/\/anchorlas.staging-digitalera.se\/en\/wp-json\/wp\/v2\/product_cat?post=1698"},{"taxonomy":"product_tag","embeddable":true,"href":"https:\/\/anchorlas.staging-digitalera.se\/en\/wp-json\/wp\/v2\/product_tag?post=1698"}],"curies":[{"name":"wp","href":"https:\/\/api.w.org\/{rel}","templated":true}]}}