{"id":1721,"date":"2021-04-20T11:05:16","date_gmt":"2021-04-20T09:05:16","guid":{"rendered":"https:\/\/anchorlas.se\/product\/anchor-802-2-b60-oval-xl-wp\/"},"modified":"2026-04-24T15:20:47","modified_gmt":"2026-04-24T13:20:47","slug":"anchor-802-2-b60-oval-xl-wp","status":"publish","type":"product","link":"https:\/\/anchorlas.staging-digitalera.se\/en\/produkter\/anchor-802-2-b60-oval-xl-wp\/","title":{"rendered":"ANCHOR 802-2 S60 Oval XL WP"},"content":{"rendered":"<p>A strong and weather-protected CEN Grade 3 padlock in model XL made entirely of stainless materials. Suitable for locking basements, attics, windows and the like. The padlock is designed for mounting cylinders of the type Scandinavian oval cylinders. The lock is delivered in a weather-protected design with sealing O-rings in the shackle holes. The lock is delivered with a pop-up spring. A number of electronic cylinders on the market have a 10mm longer oval cylinder than standard, for which our variant XL can be used.<\/p>","protected":false},"excerpt":{"rendered":"<p>Ett kraftigt v\u00e4derskyddat klass 2 h\u00e4ngl\u00e5s modell XL tillverkat helt i rostfria material. L\u00e4mpligt f\u00f6r l\u00e5sning av k\u00e4llare, vindskontor, f\u00f6nster och dyl. H\u00e4ngl\u00e5set \u00e4r designat f\u00f6r montering av cylindrar av typen skandinaviska ovalcylindrar. L\u00e5set levereras i v\u00e4derskyddat utf\u00f6rande med t\u00e4tande O-ringar i bygelh\u00e5len. Levereras med bygelfj\u00e4der. Ett antal elektronikcylindrar p\u00e5 marknaden har en 10mm l\u00e4ngre [&hellip;]<\/p>","protected":false},"featured_media":3343,"template":"","meta":{"_acf_changed":false},"product_brand":[],"product_cat":[50,63,310,307],"product_tag":[],"class_list":{"0":"post-1721","1":"product","2":"type-product","3":"status-publish","4":"has-post-thumbnail","6":"product_cat-hanglas","7":"product_cat-klass-2","8":"product_cat-extra-lang-xl","9":"product_cat-vaderskyddad-wp","10":"pa_bygel-rostfritt-stal","11":"pa_bygelbredd-mm-285","12":"pa_bygeldiameter-mm-224","13":"pa_bygelhojd-283","14":"pa_cylindertyp-oval","15":"pa_hanglaskropp-massing","16":"pa_kistbredd-mm-247","17":"pa_klassning-ssf-klass-2-cen-grade-3","19":"first","20":"instock","21":"purchasable","22":"product-type-variable"},"acf":[],"_links":{"self":[{"href":"https:\/\/anchorlas.staging-digitalera.se\/en\/wp-json\/wp\/v2\/product\/1721","targetHints":{"allow":["GET"]}}],"collection":[{"href":"https:\/\/anchorlas.staging-digitalera.se\/en\/wp-json\/wp\/v2\/product"}],"about":[{"href":"https:\/\/anchorlas.staging-digitalera.se\/en\/wp-json\/wp\/v2\/types\/product"}],"wp:featuredmedia":[{"embeddable":true,"href":"https:\/\/anchorlas.staging-digitalera.se\/en\/wp-json\/wp\/v2\/media\/3343"}],"wp:attachment":[{"href":"https:\/\/anchorlas.staging-digitalera.se\/en\/wp-json\/wp\/v2\/media?parent=1721"}],"wp:term":[{"taxonomy":"product_brand","embeddable":true,"href":"https:\/\/anchorlas.staging-digitalera.se\/en\/wp-json\/wp\/v2\/product_brand?post=1721"},{"taxonomy":"product_cat","embeddable":true,"href":"https:\/\/anchorlas.staging-digitalera.se\/en\/wp-json\/wp\/v2\/product_cat?post=1721"},{"taxonomy":"product_tag","embeddable":true,"href":"https:\/\/anchorlas.staging-digitalera.se\/en\/wp-json\/wp\/v2\/product_tag?post=1721"}],"curies":[{"name":"wp","href":"https:\/\/api.w.org\/{rel}","templated":true}]}}