{"id":1733,"date":"2021-04-20T11:05:16","date_gmt":"2021-04-20T09:05:16","guid":{"rendered":"https:\/\/anchorlas.se\/product\/anchor-580-5-b50-euro\/"},"modified":"2026-04-24T15:20:43","modified_gmt":"2026-04-24T13:20:43","slug":"anchor-580-5-b50-euro","status":"publish","type":"product","link":"https:\/\/anchorlas.staging-digitalera.se\/en\/produkter\/anchor-580-5-b50-euro\/","title":{"rendered":"ANCHOR 580-5 S50 Euro"},"content":{"rendered":"<p>A powerful CEN Grade 5 padlock suitable for locking containers, storage rooms, gates and the like. The padlock is designed for mounting cylinders of the single euro profile type (with a total length of 39-41.3mm). The cylinder is protected in the padlock by a 5mm thick hardened cover plate. As an option, the lock is also available with a removable shackle to facilitate locking in hard-to-reach spaces.<\/p>","protected":false},"excerpt":{"rendered":"<p>Ett kraftigt h\u00e4ngl\u00e5s certifierad EN12320 Grade 5, l\u00e4mpligt f\u00f6r l\u00e5sning av containers, lagerlokaler, grindar och dyl. H\u00e4ngl\u00e5set \u00e4r designat f\u00f6r montering av cylindrar av typen singel europrofil (med total l\u00e4ngd 39-41.3mm). Cylindern skyddas i h\u00e4ngl\u00e5set av en 5mm tjock h\u00e4rdad t\u00e4ckbricka. Som tillval kan l\u00e5set \u00e4ven f\u00e5s med l\u00f6stagbar bygel f\u00f6r att underl\u00e4tta l\u00e5sning i [&hellip;]<\/p>","protected":false},"featured_media":933,"template":"","meta":{"_acf_changed":false},"product_brand":[],"product_cat":[50],"product_tag":[],"class_list":{"0":"post-1733","1":"product","2":"type-product","3":"status-publish","4":"has-post-thumbnail","6":"product_cat-hanglas","7":"pa_bygel-hardat-stal","8":"pa_bygelbredd-mm-293","9":"pa_bygeldiameter-mm-207","10":"pa_bygelhojd-278","11":"pa_cylindertyp-singel-europrofil","12":"pa_hanglaskropp-hardat-stal","13":"pa_kistbredd-mm-243","14":"pa_klassning-ssf-klass-4-cen-grade-5","15":"pa_tillval-lostagbar-bygel-l","16":"pa_tillval-vaderskyddad-wp","18":"first","19":"instock","20":"purchasable","21":"product-type-variable"},"acf":[],"_links":{"self":[{"href":"https:\/\/anchorlas.staging-digitalera.se\/en\/wp-json\/wp\/v2\/product\/1733","targetHints":{"allow":["GET"]}}],"collection":[{"href":"https:\/\/anchorlas.staging-digitalera.se\/en\/wp-json\/wp\/v2\/product"}],"about":[{"href":"https:\/\/anchorlas.staging-digitalera.se\/en\/wp-json\/wp\/v2\/types\/product"}],"wp:featuredmedia":[{"embeddable":true,"href":"https:\/\/anchorlas.staging-digitalera.se\/en\/wp-json\/wp\/v2\/media\/933"}],"wp:attachment":[{"href":"https:\/\/anchorlas.staging-digitalera.se\/en\/wp-json\/wp\/v2\/media?parent=1733"}],"wp:term":[{"taxonomy":"product_brand","embeddable":true,"href":"https:\/\/anchorlas.staging-digitalera.se\/en\/wp-json\/wp\/v2\/product_brand?post=1733"},{"taxonomy":"product_cat","embeddable":true,"href":"https:\/\/anchorlas.staging-digitalera.se\/en\/wp-json\/wp\/v2\/product_cat?post=1733"},{"taxonomy":"product_tag","embeddable":true,"href":"https:\/\/anchorlas.staging-digitalera.se\/en\/wp-json\/wp\/v2\/product_tag?post=1733"}],"curies":[{"name":"wp","href":"https:\/\/api.w.org\/{rel}","templated":true}]}}