{"id":2427,"date":"2021-04-20T11:05:02","date_gmt":"2021-04-20T09:05:02","guid":{"rendered":"https:\/\/anchorlas.se\/product\/anchor-850-5-oval-wp-ib\/"},"modified":"2026-04-24T15:20:46","modified_gmt":"2026-04-24T13:20:46","slug":"anchor-850-5-oval-wp-ib","status":"publish","type":"product","link":"https:\/\/anchorlas.staging-digitalera.se\/en\/produkter\/anchor-850-5-oval-wp-ib\/","title":{"rendered":"ANCHOR 850-5 Oval WP PS"},"content":{"rendered":"<p>An extra powerful weather-protected CEN Grade 6 padlock with a protected shackle. Suitable for locking containers, construction machinery, warehouses, gates and the like. The padlock is designed for mounting cylinders of the type Scandinavian oval cylinders. No cover plate needed. The lock is delivered in a weather-protected design with sealing O-rings in the shackle holes. As an option, the lock is also available with a loose shackle to facilitate locking in hard-to-reach spaces.<\/p>","protected":false},"excerpt":{"rendered":"<p>Ett extra kraftigt v\u00e4derskyddat klass 5 h\u00e4ngl\u00e5s med inskyddad bygel. L\u00e4mpligt f\u00f6r l\u00e5sning av containers, entreprenadmaskiner, lagerlokaler, grindar och dyl. H\u00e4ngl\u00e5set \u00e4r designat f\u00f6r montering av cylindrar av typen skandinaviska ovalcylindrar. Ingen t\u00e4ckbricka beh\u00f6vs. L\u00e5set levereras i v\u00e4derskyddat utf\u00f6rande med t\u00e4tande O-ringar i bygelh\u00e5len. Som tillval kan l\u00e5set \u00e4ven f\u00e5s med l\u00f6stagbar bygel f\u00f6r att [&hellip;]<\/p>","protected":false},"featured_media":1772,"template":"","meta":{"_acf_changed":false},"product_brand":[],"product_cat":[50,74,308,307],"product_tag":[],"class_list":{"0":"post-2427","1":"product","2":"type-product","3":"status-publish","4":"has-post-thumbnail","6":"product_cat-hanglas","7":"product_cat-klass-5","8":"product_cat-inskyddad-bygel-ib","9":"product_cat-vaderskyddad-wp","10":"pa_bygel-hardat-stal","11":"pa_bygelbredd-mm-292","12":"pa_bygeldiameter-mm-207","13":"pa_bygelhojd-277","14":"pa_cylindertyp-oval","15":"pa_hanglaskropp-hardat-stal","16":"pa_kistbredd-mm-210","17":"pa_klassning-ssf-klass-5-cen-grade-6","18":"pa_tillval-lostagbar-bygel-l","20":"first","21":"instock","22":"purchasable","23":"product-type-variable"},"acf":[],"_links":{"self":[{"href":"https:\/\/anchorlas.staging-digitalera.se\/en\/wp-json\/wp\/v2\/product\/2427","targetHints":{"allow":["GET"]}}],"collection":[{"href":"https:\/\/anchorlas.staging-digitalera.se\/en\/wp-json\/wp\/v2\/product"}],"about":[{"href":"https:\/\/anchorlas.staging-digitalera.se\/en\/wp-json\/wp\/v2\/types\/product"}],"wp:featuredmedia":[{"embeddable":true,"href":"https:\/\/anchorlas.staging-digitalera.se\/en\/wp-json\/wp\/v2\/media\/1772"}],"wp:attachment":[{"href":"https:\/\/anchorlas.staging-digitalera.se\/en\/wp-json\/wp\/v2\/media?parent=2427"}],"wp:term":[{"taxonomy":"product_brand","embeddable":true,"href":"https:\/\/anchorlas.staging-digitalera.se\/en\/wp-json\/wp\/v2\/product_brand?post=2427"},{"taxonomy":"product_cat","embeddable":true,"href":"https:\/\/anchorlas.staging-digitalera.se\/en\/wp-json\/wp\/v2\/product_cat?post=2427"},{"taxonomy":"product_tag","embeddable":true,"href":"https:\/\/anchorlas.staging-digitalera.se\/en\/wp-json\/wp\/v2\/product_tag?post=2427"}],"curies":[{"name":"wp","href":"https:\/\/api.w.org\/{rel}","templated":true}]}}