{"id":3182,"date":"2022-11-29T16:30:08","date_gmt":"2022-11-29T15:30:08","guid":{"rendered":"https:\/\/anchorlas.se\/?post_type=product&#038;p=3182"},"modified":"2026-04-24T15:20:47","modified_gmt":"2026-04-24T13:20:47","slug":"anchor-802-2-b60-ip68","status":"publish","type":"product","link":"https:\/\/anchorlas.staging-digitalera.se\/en\/produkter\/anchor-802-2-b60-ip68\/","title":{"rendered":"ANCHOR 802-2 S60 IP68"},"content":{"rendered":"<p>Ett klass 2 h\u00e4ngl\u00e5s f\u00f6r oval cylinder d\u00e4r cylindern \u00e4r skyddad enligt<br \/>\nIP68-standarden. L\u00e4mplig f\u00f6r l\u00e5sning i tuffare milj\u00f6er, t.ex. luckor,<br \/>\nf\u00f6rr\u00e5d och k\u00e4llare. H\u00e4ngl\u00e5set \u00e4r konstruerat f\u00f6r montering av<br \/>\nskandinavisk ovalcylinder och levereras med O-ringar i bygelh\u00e5len<br \/>\noch med en t\u00e4t, utf\u00e4llbar lucka \u00f6ver cylindern. Hermetiskt f\u00f6rsluten.<br \/>\nGummit\u00e4tningen levereras i svart som standard, men finns i flera<br \/>\nolika f\u00e4rger f\u00f6r att f\u00f6renkla m\u00e4rkningen av t.ex. omr\u00e5de, tillh\u00f6righet.<br \/>\nPatenterad produkt.<\/p>","protected":false},"excerpt":{"rendered":"<p>Ett klass 2 h\u00e4ngl\u00e5s f\u00f6r oval cylinder d\u00e4r cylindern \u00e4r skyddad enligt IP68-standarden. L\u00e4mplig f\u00f6r l\u00e5sning i tuffare milj\u00f6er, t.ex. luckor, f\u00f6rr\u00e5d och k\u00e4llare. H\u00e4ngl\u00e5set \u00e4r konstruerat f\u00f6r montering av skandinavisk ovalcylinder och levereras med O-ringar i bygelh\u00e5len och med en t\u00e4t, utf\u00e4llbar lucka \u00f6ver cylindern. Hermetiskt f\u00f6rsluten. Gummit\u00e4tningen levereras i svart som standard, men [&hellip;]<\/p>","protected":false},"featured_media":3141,"template":"","meta":{"_acf_changed":false},"product_brand":[],"product_cat":[50,63,330],"product_tag":[],"class_list":{"0":"post-3182","1":"product","2":"type-product","3":"status-publish","4":"has-post-thumbnail","6":"product_cat-hanglas","7":"product_cat-klass-2","8":"product_cat-vaderskyddad-ip68-hanglas","9":"pa_bygel-rostfritt-stal","10":"pa_bygelbredd-mm-285","11":"pa_bygeldiameter-mm-224","12":"pa_bygelhojd-283","13":"pa_cylindertyp-oval","14":"pa_hanglaskropp-massing","15":"pa_kistbredd-mm-221","16":"pa_klassning-ssf-klass-2-cen-grade-3","18":"first","19":"instock","20":"shipping-taxable","21":"purchasable","22":"product-type-variable"},"acf":[],"_links":{"self":[{"href":"https:\/\/anchorlas.staging-digitalera.se\/en\/wp-json\/wp\/v2\/product\/3182","targetHints":{"allow":["GET"]}}],"collection":[{"href":"https:\/\/anchorlas.staging-digitalera.se\/en\/wp-json\/wp\/v2\/product"}],"about":[{"href":"https:\/\/anchorlas.staging-digitalera.se\/en\/wp-json\/wp\/v2\/types\/product"}],"wp:featuredmedia":[{"embeddable":true,"href":"https:\/\/anchorlas.staging-digitalera.se\/en\/wp-json\/wp\/v2\/media\/3141"}],"wp:attachment":[{"href":"https:\/\/anchorlas.staging-digitalera.se\/en\/wp-json\/wp\/v2\/media?parent=3182"}],"wp:term":[{"taxonomy":"product_brand","embeddable":true,"href":"https:\/\/anchorlas.staging-digitalera.se\/en\/wp-json\/wp\/v2\/product_brand?post=3182"},{"taxonomy":"product_cat","embeddable":true,"href":"https:\/\/anchorlas.staging-digitalera.se\/en\/wp-json\/wp\/v2\/product_cat?post=3182"},{"taxonomy":"product_tag","embeddable":true,"href":"https:\/\/anchorlas.staging-digitalera.se\/en\/wp-json\/wp\/v2\/product_tag?post=3182"}],"curies":[{"name":"wp","href":"https:\/\/api.w.org\/{rel}","templated":true}]}}