{"id":6875,"date":"2025-06-25T13:03:12","date_gmt":"2025-06-25T11:03:12","guid":{"rendered":"https:\/\/anchorlas.se\/?post_type=product&#038;p=6875"},"modified":"2026-04-24T15:20:41","modified_gmt":"2026-04-24T13:20:41","slug":"anchor-vandalring","status":"publish","type":"product","link":"https:\/\/anchorlas.staging-digitalera.se\/en\/produkter\/anchor-vandalring\/","title":{"rendered":"ANCHOR Vandalring"},"content":{"rendered":"<p>ANCHOR Vandalring, ett gediget slag och p\u00e5k\u00f6rningsskydd i universalutf\u00f6rande. F\u00f6rst\u00e4rkt kant baktill f\u00f6r att f\u00f6rdela kraft vid brott i sidled. Passar de flesta av marknadens elektronikcylindrar med knopp.<br \/>\nLevereras utan M5 klippskruv.<\/p>","protected":false},"excerpt":{"rendered":"<p>ANCHOR Vandalring, ett gediget slag och p\u00e5k\u00f6rningsskydd i universalutf\u00f6rande. F\u00f6rst\u00e4rkt kant baktill f\u00f6r att f\u00f6rdela kraft vid brott i sidled. Passar de flesta av marknadens elektronikcylindrar med knopp. Levereras utan M5 klippskruv.<\/p>","protected":false},"featured_media":6873,"template":"","meta":{"_acf_changed":false},"product_brand":[],"product_cat":[93,274],"product_tag":[],"class_list":{"0":"post-6875","1":"product","2":"type-product","3":"status-publish","4":"has-post-thumbnail","6":"product_cat-tillbehor","7":"product_cat-oklassat","9":"first","10":"instock","11":"shipping-taxable","12":"purchasable","13":"product-type-simple"},"acf":[],"_links":{"self":[{"href":"https:\/\/anchorlas.staging-digitalera.se\/en\/wp-json\/wp\/v2\/product\/6875","targetHints":{"allow":["GET"]}}],"collection":[{"href":"https:\/\/anchorlas.staging-digitalera.se\/en\/wp-json\/wp\/v2\/product"}],"about":[{"href":"https:\/\/anchorlas.staging-digitalera.se\/en\/wp-json\/wp\/v2\/types\/product"}],"wp:featuredmedia":[{"embeddable":true,"href":"https:\/\/anchorlas.staging-digitalera.se\/en\/wp-json\/wp\/v2\/media\/6873"}],"wp:attachment":[{"href":"https:\/\/anchorlas.staging-digitalera.se\/en\/wp-json\/wp\/v2\/media?parent=6875"}],"wp:term":[{"taxonomy":"product_brand","embeddable":true,"href":"https:\/\/anchorlas.staging-digitalera.se\/en\/wp-json\/wp\/v2\/product_brand?post=6875"},{"taxonomy":"product_cat","embeddable":true,"href":"https:\/\/anchorlas.staging-digitalera.se\/en\/wp-json\/wp\/v2\/product_cat?post=6875"},{"taxonomy":"product_tag","embeddable":true,"href":"https:\/\/anchorlas.staging-digitalera.se\/en\/wp-json\/wp\/v2\/product_tag?post=6875"}],"curies":[{"name":"wp","href":"https:\/\/api.w.org\/{rel}","templated":true}]}}